{"id":5707,"date":"2015-02-19T09:48:19","date_gmt":"2015-02-19T09:48:19","guid":{"rendered":"http:\/\/demo2.wpresidence.net\/?page_id=5707"},"modified":"2023-09-02T13:58:43","modified_gmt":"2023-09-02T13:58:43","slug":"contacto","status":"publish","type":"page","link":"https:\/\/casadi.es\/index.php\/contacto\/","title":{"rendered":"Contacto"},"content":{"rendered":"\n<p>Puedes contactar con nosotros a trav\u00e9s de correo electr\u00f3nico o por tel\u00e9fono. En caso de que seas un profesional, agradecer\u00edamos nos lo indicaras para derivar tu consulta al \u00e1rea correspondiente con agilidad.<\/p>\n\n\n\n<div style=\"height:20px\" aria-hidden=\"true\" class=\"wp-block-spacer\"><\/div>\n\n\n\n<p>No dudes en contactarnos para cualquier consulta o solicitud que tengas.<\/p>\n","protected":false},"excerpt":{"rendered":"<p>Puedes contactar con nosotros a trav\u00e9s de correo electr\u00f3nico o por tel\u00e9fono. En caso de que seas un profesional, agradecer\u00edamos nos lo indicaras para derivar tu consulta al \u00e1rea correspondiente con agilidad. No dudes en contactarnos para cualquier consulta o solicitud que tengas.<\/p>\n","protected":false},"author":1,"featured_media":0,"parent":0,"menu_order":0,"comment_status":"open","ping_status":"open","template":"contact_page.php","meta":{"om_disable_all_campaigns":false,"_monsterinsights_skip_tracking":false,"_monsterinsights_sitenote_active":false,"_monsterinsights_sitenote_note":"","_monsterinsights_sitenote_category":0},"aioseo_notices":[],"_links":{"self":[{"href":"https:\/\/casadi.es\/index.php\/wp-json\/wp\/v2\/pages\/5707"}],"collection":[{"href":"https:\/\/casadi.es\/index.php\/wp-json\/wp\/v2\/pages"}],"about":[{"href":"https:\/\/casadi.es\/index.php\/wp-json\/wp\/v2\/types\/page"}],"author":[{"embeddable":true,"href":"https:\/\/casadi.es\/index.php\/wp-json\/wp\/v2\/users\/1"}],"replies":[{"embeddable":true,"href":"https:\/\/casadi.es\/index.php\/wp-json\/wp\/v2\/comments?post=5707"}],"version-history":[{"count":1,"href":"https:\/\/casadi.es\/index.php\/wp-json\/wp\/v2\/pages\/5707\/revisions"}],"predecessor-version":[{"id":19329,"href":"https:\/\/casadi.es\/index.php\/wp-json\/wp\/v2\/pages\/5707\/revisions\/19329"}],"wp:attachment":[{"href":"https:\/\/casadi.es\/index.php\/wp-json\/wp\/v2\/media?parent=5707"}],"curies":[{"name":"wp","href":"https:\/\/api.w.org\/{rel}","templated":true}]}}